{"id":1061,"date":"2016-08-22T15:30:35","date_gmt":"2016-08-22T14:30:35","guid":{"rendered":"https:\/\/dutch-stables.com\/?page_id=1061"},"modified":"2017-07-31T11:26:24","modified_gmt":"2017-07-31T10:26:24","slug":"bamboe","status":"publish","type":"page","link":"https:\/\/dutch-stables.com\/de\/bamboe\/","title":{"rendered":"Bambusbohlen von Bamboo"},"content":{"rendered":"<div class=\"wpb-content-wrapper\"><p>[vc_row full_width=&#8221;stretch_row&#8221; css=&#8221;.vc_custom_1443034090735{margin-top: -35px !important;margin-bottom: 50px !important;padding-top: 35px !important;padding-bottom: 140px !important;background-color: #eab602 !important;background-position: center !important;background-repeat: no-repeat !important;background-size: cover !important;}&#8221; has_content=&#8221;inside&#8221;][vc_column width=&#8221;5\/6&#8243;][vc_column_text css=&#8221;.vc_custom_1474359857840{margin-top: -10px !important;}&#8221;]<\/p>\n<h3 style=\"text-align: left;\"><span style=\"color: #ffffff;\">Wenn Sie eine nachhaltige Alternative zu Hartholzdielen suchen, dann sind Sie bei unserer Bamboo-Kollektion an der richtigen Adresse: Hier finden Sie ge\u00f6lte, hochwertige Bambusdielen, die Hartholz in nichts nachstehen. <\/span><\/h3>\n<p>[\/vc_column_text][\/vc_column][vc_column width=&#8221;1\/6&#8243;]<a target=\"_self\" href=\"\/contact\/\" class=\"btn  btn-md style-1\" id=\"custom-id-0\" style=\"\">kontakt<\/a>[\/vc_column][\/vc_row][vc_row css=&#8221;.vc_custom_1436375105004{margin-top: -160px !important;margin-bottom: 80px !important;}&#8221; has_content=&#8221;true&#8221; el_class=&#8221;on-top&#8221;][vc_column width=&#8221;1\/3&#8243;][vc_single_image image=&#8221;926&#8243; img_size=&#8221;full&#8221;]<h5 class='heading-left  style-1' ><span>Weitere Pluspunkte:<\/span><\/h5>[vc_column_text][\/vc_column_text][vc_empty_space height=&#8221;20px&#8221;][vc_column_text]<\/p>\n<ul>\n<li>G\u00fcnstige Preise, da Direktimport aus China<\/li>\n<li>Gro\u00dfer Vorrat sorgt f\u00fcr schnelle Lieferung<\/li>\n<\/ul>\n<p>[\/vc_column_text][\/vc_column][vc_column width=&#8221;1\/3&#8243;][vc_single_image image=&#8221;989&#8243; img_size=&#8221;full&#8221;]<h5 class='heading-left  style-1' ><span>Nachhaltigkeit <\/span><\/h5>[vc_column_text][\/vc_column_text][vc_empty_space height=&#8221;20px&#8221;][vc_column_text]Bambus ist ein umweltfreundliches Erzeugnis: Die Mutterpflanze bildet jedes Jahr neue St\u00e4mme, die in kurzer Zeit ihre volle Gr\u00f6\u00dfe erreichen. Das nat\u00fcrliche Material ist komplett abbaubar und verschmutzt die Umwelt nicht. Bambus enth\u00e4lt keine Giftstoffe und ist frei von Allergenen.[\/vc_column_text][\/vc_column][vc_column width=&#8221;1\/3&#8243;][vc_single_image image=&#8221;927&#8243; img_size=&#8221;full&#8221;]<h5 class='heading-left  style-1' ><span>Herstellungsprozess<\/span><\/h5>[vc_column_text][\/vc_column_text][vc_empty_space height=&#8221;20px&#8221;][vc_column_text]Nach der Ernte wird Bambus erst gemahlen, dann gekocht und schlie\u00dflich unter hohem Druck in Blockform gepresst. Nach diesem Prozess weist das fertige Produkt eine sehr dichte Faserstruktur auf. Die Gefahr, dass das Holz durch Feuchtigkeitseinwirkung schrumpft oder sich verformt, geh\u00f6rt somit der Vergangenheit an. Auch Schimmel und Holzf\u00e4ule sind kein Problem. Dadurch bietet Bambus sogar einen Vorteil gegen\u00fcber Hartholz.[\/vc_column_text][\/vc_column][\/vc_row][vc_row full_width=&#8221;stretch_row_content_no_spaces&#8221; has_content=&#8221;false&#8221; el_class=&#8221;text-center&#8221; css=&#8221;.vc_custom_1436376778355{margin-top: 60px !important;}&#8221;][vc_column]<section  data-vc-parallax=\"1.5\" class=\"statement vc_parallax\" style=\"background-image: url('https:\/\/dutch-stables.com\/wp-content\/uploads\/2015\/09\/2015_09_MentenHilkens_HetKleef-0011.jpg');\">[vc_column_text]<\/p>\n<h1 style=\"text-align: center;\"><span style=\"color: #ffffff;\">Dutch Stables &#8211; Menten-Hilkens<\/span><\/h1>\n<p>[\/vc_column_text][vc_empty_space height=&#8221;15px&#8221;]<a target=\"_self\" href=\"\/contact\/\" class=\"btn  btn-md style-1\" id=\"custom-id-1\" style=\"\">kontakt<\/a><\/section>[\/vc_column][\/vc_row][vc_row full_width=&#8221;stretch_row&#8221; css=&#8221;.vc_custom_1474034824903{margin-top: -30px !important;padding-top: 20px !important;padding-bottom: 40px !important;background-color: #262626 !important;}&#8221;][vc_column][vc_column_text]<\/p>\n<h3 style=\"text-align: left;\"><span style=\"color: #ffffff;\"><strong>Die Vorteile von Bambusdielen: <\/strong><\/span><\/h3>\n<p>\u2022 Ausstrahlung von Hartholz<br \/>\n\u2022 Schrumpfung, Ausdehnung oder F\u00e4ule sind kein Problem<br \/>\n\u2022 Das sehr harte Material ist \u00e4u\u00dferst strapazierf\u00e4hig<br \/>\n\u2022 Splittert nicht<br \/>\n\u2022 F\u00fcr den Innen- und Au\u00dfenbereich geeignet<br \/>\n\u2022 In Hell und Dunkel erh\u00e4ltlich<br \/>\n\u2022 Nachhaltige Alternative zu Hartholz<br \/>\n[\/vc_column_text][\/vc_column][\/vc_row][vc_row][vc_column][vc_gallery interval=&#8221;5&#8243; images=&#8221;988,989,1510&#8243; img_size=&#8221;full&#8221;][\/vc_column][\/vc_row]<\/p>\n<\/div>","protected":false},"excerpt":{"rendered":"<p>[vc_row full_width=&#8221;stretch_row&#8221; css=&#8221;.vc_custom_1443034090735{margin-top: -35px !important;margin-bottom: 50px !important;padding-top: 35px !important;padding-bottom: 140px !important;background-color: #eab602 !important;background-position: center !important;background-repeat: no-repeat !important;background-size: cover !important;}&#8221; has_content=&#8221;inside&#8221;][vc_column width=&#8221;5\/6&#8243;][vc_column_text css=&#8221;.vc_custom_1474359857840{margin-top: -10px !important;}&#8221;] Wenn Sie eine nachhaltige Alternative zu Hartholzdielen suchen, dann sind Sie bei unserer Bamboo-Kollektion an der&#8230;<\/p>\n","protected":false},"author":1,"featured_media":0,"parent":0,"menu_order":0,"comment_status":"closed","ping_status":"closed","template":"","meta":{"footnotes":""},"class_list":["post-1061","page","type-page","status-publish","hentry"],"translation":{"provider":"WPGlobus","version":"3.0.0","language":"de","enabled_languages":["nl","en","de"],"languages":{"nl":{"title":true,"content":true,"excerpt":false},"en":{"title":true,"content":true,"excerpt":false},"de":{"title":true,"content":true,"excerpt":false}}},"yoast_head":"<!-- This site is optimized with the Yoast SEO plugin v25.1 - https:\/\/yoast.com\/wordpress\/plugins\/seo\/ -->\n<title>Bambusbohlen von Bamboo - Dutch Stables - Stallenbouw<\/title>\n<meta name=\"robots\" content=\"index, follow, max-snippet:-1, max-image-preview:large, max-video-preview:-1\" \/>\n<link rel=\"canonical\" href=\"https:\/\/dutch-stables.com\/de\/bamboe\/\" \/>\n<meta property=\"og:locale\" content=\"de_DE\" \/>\n<meta property=\"og:type\" content=\"article\" \/>\n<meta property=\"og:title\" content=\"Bambusbohlen von Bamboo - Dutch Stables - Stallenbouw\" \/>\n<meta property=\"og:url\" content=\"https:\/\/dutch-stables.com\/de\/bamboe\/\" \/>\n<meta property=\"og:site_name\" content=\"Dutch Stables\" \/>\n<meta property=\"article:modified_time\" content=\"2017-07-31T10:26:24+00:00\" \/>\n<meta name=\"twitter:card\" content=\"summary_large_image\" \/>\n<meta name=\"twitter:label1\" content=\"Est. reading time\" \/>\n\t<meta name=\"twitter:data1\" content=\"7 minutes\" \/>\n<script type=\"application\/ld+json\" class=\"yoast-schema-graph\">{\"@context\":\"https:\/\/schema.org\",\"@graph\":[{\"@type\":\"WebPage\",\"@id\":\"https:\/\/dutch-stables.com\/de\/bamboe\/\",\"url\":\"https:\/\/dutch-stables.com\/de\/bamboe\/\",\"name\":\"Bambusbohlen von Bamboo - Dutch Stables - Stallenbouw\",\"isPartOf\":{\"@id\":\"https:\/\/dutch-stables.com\/#website\"},\"datePublished\":\"2016-08-22T14:30:35+00:00\",\"dateModified\":\"2017-07-31T10:26:24+00:00\",\"description\":\"Bent u op zoek naar bamboe dat binnen en buiten toepasbaar is? Dan bent u bij Dutch Stables op het juiste adres.\",\"breadcrumb\":{\"@id\":\"https:\/\/dutch-stables.com\/de\/bamboe\/#breadcrumb\"},\"inLanguage\":\"de-DE\",\"potentialAction\":[{\"@type\":\"ReadAction\",\"target\":[\"https:\/\/dutch-stables.com\/de\/bamboe\/\"]}]},{\"@type\":\"BreadcrumbList\",\"@id\":\"https:\/\/dutch-stables.com\/de\/bamboe\/#breadcrumb\",\"itemListElement\":[{\"@type\":\"ListItem\",\"position\":1,\"name\":\"Home\",\"item\":\"https:\/\/dutch-stables.com\/\"},{\"@type\":\"ListItem\",\"position\":2,\"name\":\"Bambusbohlen von Bamboo\"}]},{\"@type\":\"WebSite\",\"@id\":\"https:\/\/dutch-stables.com\/#website\",\"url\":\"https:\/\/dutch-stables.com\/\",\"name\":\"Dutch Stables\",\"description\":\"Menten Hilkens\",\"potentialAction\":[{\"@type\":\"SearchAction\",\"target\":{\"@type\":\"EntryPoint\",\"urlTemplate\":\"https:\/\/dutch-stables.com\/?s={search_term_string}\"},\"query-input\":{\"@type\":\"PropertyValueSpecification\",\"valueRequired\":true,\"valueName\":\"search_term_string\"}}],\"inLanguage\":\"de-DE\"}]}<\/script>\n<!-- \/ Yoast SEO plugin. -->","yoast_head_json":{"title":"Bambusbohlen von Bamboo - Dutch Stables - Stallenbouw","robots":{"index":"index","follow":"follow","max-snippet":"max-snippet:-1","max-image-preview":"max-image-preview:large","max-video-preview":"max-video-preview:-1"},"canonical":"https:\/\/dutch-stables.com\/de\/bamboe\/","og_locale":"de_DE","og_type":"article","og_title":"Bambusbohlen von Bamboo - Dutch Stables - Stallenbouw","og_url":"https:\/\/dutch-stables.com\/de\/bamboe\/","og_site_name":"Dutch Stables","article_modified_time":"2017-07-31T10:26:24+00:00","twitter_card":"summary_large_image","twitter_misc":{"Est. reading time":"7 minutes"},"schema":{"@context":"https:\/\/schema.org","@graph":[{"@type":"WebPage","@id":"https:\/\/dutch-stables.com\/de\/bamboe\/","url":"https:\/\/dutch-stables.com\/de\/bamboe\/","name":"Bambusbohlen von Bamboo - Dutch Stables - Stallenbouw","isPartOf":{"@id":"https:\/\/dutch-stables.com\/#website"},"datePublished":"2016-08-22T14:30:35+00:00","dateModified":"2017-07-31T10:26:24+00:00","description":"Bent u op zoek naar bamboe dat binnen en buiten toepasbaar is? Dan bent u bij Dutch Stables op het juiste adres.","breadcrumb":{"@id":"https:\/\/dutch-stables.com\/de\/bamboe\/#breadcrumb"},"inLanguage":"de-DE","potentialAction":[{"@type":"ReadAction","target":["https:\/\/dutch-stables.com\/de\/bamboe\/"]}]},{"@type":"BreadcrumbList","@id":"https:\/\/dutch-stables.com\/de\/bamboe\/#breadcrumb","itemListElement":[{"@type":"ListItem","position":1,"name":"Home","item":"https:\/\/dutch-stables.com\/"},{"@type":"ListItem","position":2,"name":"Bambusbohlen von Bamboo"}]},{"@type":"WebSite","@id":"https:\/\/dutch-stables.com\/#website","url":"https:\/\/dutch-stables.com\/","name":"Dutch Stables","description":"Menten Hilkens","potentialAction":[{"@type":"SearchAction","target":{"@type":"EntryPoint","urlTemplate":"https:\/\/dutch-stables.com\/?s={search_term_string}"},"query-input":{"@type":"PropertyValueSpecification","valueRequired":true,"valueName":"search_term_string"}}],"inLanguage":"de-DE"}]}},"_links":{"self":[{"href":"https:\/\/dutch-stables.com\/de\/wp-json\/wp\/v2\/pages\/1061","targetHints":{"allow":["GET"]}}],"collection":[{"href":"https:\/\/dutch-stables.com\/de\/wp-json\/wp\/v2\/pages"}],"about":[{"href":"https:\/\/dutch-stables.com\/de\/wp-json\/wp\/v2\/types\/page"}],"author":[{"embeddable":true,"href":"https:\/\/dutch-stables.com\/de\/wp-json\/wp\/v2\/users\/1"}],"replies":[{"embeddable":true,"href":"https:\/\/dutch-stables.com\/de\/wp-json\/wp\/v2\/comments?post=1061"}],"version-history":[{"count":22,"href":"https:\/\/dutch-stables.com\/de\/wp-json\/wp\/v2\/pages\/1061\/revisions"}],"predecessor-version":[{"id":1601,"href":"https:\/\/dutch-stables.com\/de\/wp-json\/wp\/v2\/pages\/1061\/revisions\/1601"}],"wp:attachment":[{"href":"https:\/\/dutch-stables.com\/de\/wp-json\/wp\/v2\/media?parent=1061"}],"curies":[{"name":"wp","href":"https:\/\/api.w.org\/{rel}","templated":true}]}}