{"id":597,"date":"2014-11-11T11:09:47","date_gmt":"2014-11-11T11:09:47","guid":{"rendered":"http:\/\/anpsthemes.com\/constructo\/?page_id=5"},"modified":"2023-03-03T15:01:56","modified_gmt":"2023-03-03T14:01:56","slug":"home","status":"publish","type":"page","link":"https:\/\/dutch-stables.com\/de\/","title":{"rendered":"Home"},"content":{"rendered":"<div class=\"wpb-content-wrapper\"><p>[vc_row has_content=&#8221;true&#8221;][vc_column][rev_slider_vc alias=&#8221;main-slider-2&#8243;][\/vc_column][\/vc_row][vc_row full_width=&#8221;stretch_row&#8221; css=&#8221;.vc_custom_1473925563868{margin-top: -35px !important;margin-bottom: 50px !important;padding-top: 35px !important;padding-bottom: 140px !important;background-color: #eab602 !important;background-position: center !important;background-repeat: no-repeat !important;background-size: cover !important;}&#8221; has_content=&#8221;inside&#8221;][vc_column width=&#8221;5\/6&#8243;][vc_column_text css=&#8221;.vc_custom_1474357459268{margin-top: -10px !important;}&#8221;]<\/p>\n<h3 style=\"text-align: left;\"><span style=\"color: #ffffff;\">Sie m\u00f6chten Ihr Pferd oder Pony in einem sicheren, stabilen Stall von ausgezeichneter Qualit\u00e4t unterbringen? Sch\u00f6n, dass Sie sich daf\u00fcr bei Dutch Stables umsehen, hier sind Sie herzlich willkommen! <\/span><\/h3>\n<p>[\/vc_column_text][\/vc_column][vc_column width=&#8221;1\/6&#8243;]<a target=\"_self\" href=\"\/contact\/\" class=\"btn  btn-md style-1\" id=\"custom-id-0\" style=\"\">Kontakt<\/a>[\/vc_column][\/vc_row][vc_row has_content=&#8221;true&#8221; el_class=&#8221;on-top&#8221; css=&#8221;.vc_custom_1473925576819{margin-top: -160px !important;}&#8221;][vc_column width=&#8221;1\/3&#8243;][vc_single_image image=&#8221;1072&#8243; img_size=&#8221;full&#8221;]<h5 class='heading-left  style-1' ><span>Gesamte Bandbreite <\/span><\/h5>[vc_column_text][\/vc_column_text][vc_empty_space height=&#8221;20px&#8221;][vc_column_text]Dutch Stables bietet schon seit mehr als 30 Jahren ein umfangreiches Portfolio an Stalleinrichtungen:<br \/>\n\u2022 Innenboxen<br \/>\n\u2022 Au\u00dfenboxen<br \/>\n\u2022 Offenst\u00e4lle<br \/>\n\u2022 Fenster, (Schiebe-)T\u00fcren und -Tore<br \/>\n\u2022 Futtertroge und Tr\u00e4nken<br \/>\n\u2022 Waschplatzeinrichtungen<br \/>\n\u2022 Gatter, Z\u00e4une und (Zier-)Tore<br \/>\n\u2022 Planken (aus Kunststoff oder Bambus)<br \/>\n\u2022 Pf\u00e4hle (aus massivem Kunststoff, rund oder eckig)<br \/>\n[\/vc_column_text][\/vc_column][vc_column width=&#8221;1\/3&#8243;][vc_single_image image=&#8221;1071&#8243; img_size=&#8221;full&#8221;]<h5 class='heading-left  style-1' ><span>Gro\u00dfer Vorrat<\/span><\/h5>[vc_column_text][\/vc_column_text][vc_empty_space height=&#8221;20px&#8221;][vc_column_text]Wir helfen Ihnen gerne schnellstm\u00f6glich weiter. Viele unserer Produkte k\u00f6nnen daher direkt geliefert werden:<br \/>\n\u2022 Innen- und Au\u00dfenboxen, Fenster und T\u00fcren \u2013 der gr\u00f6\u00dfte Lagerbestand in den Niederlanden<br \/>\n\u2022 Kunststoffplanken: Braun, Schwarz, Rot, Grau oder Gr\u00fcn in den L\u00e4ngen 970\/1185\/1280\/1500 mm<br \/>\n\u2022 Bambusplanken: hell oder dunkel in den L\u00e4ngen 970\/1185\/1500 mm<br \/>\n[\/vc_column_text][\/vc_column][vc_column width=&#8221;1\/3&#8243;][vc_single_image image=&#8221;1074&#8243; img_size=&#8221;full&#8221;]<h5 class='heading-left  style-1' ><span>Hohe Qualit\u00e4t und schnelle Lieferung<\/span><\/h5>[vc_column_text][\/vc_column_text][vc_empty_space height=&#8221;20px&#8221;][vc_column_text]Dutch Stables liefert ma\u00dfgenaue, hochwertige Produkte, an denen Sie jahrelang unbeschwert Ihre Freude haben. Wir verf\u00fcgen \u00fcber eine eigene Produktionsst\u00e4tte, arbeiten mit erstklassigen Werkstoffen und verzinken nach h\u00f6chsten europ\u00e4ischen Standards. Bei uns sind Sie in zuverl\u00e4ssigen H\u00e4nden: Dutch Stables ist ISO-zertifiziert (9001 und 14001) und Teil des Stahlgro\u00dfh\u00e4ndlers Menten-Hilkens BV aus Haelen mit einer \u00fcber 50-j\u00e4hrigen Tradition. [\/vc_column_text][\/vc_column][\/vc_row][vc_row full_width=&#8221;stretch_row_content_no_spaces&#8221; has_content=&#8221;false&#8221; el_class=&#8221;text-center&#8221; css=&#8221;.vc_custom_1436376778355{margin-top: 60px !important;}&#8221;][vc_column]<section  data-vc-parallax=\"1.5\" class=\"statement vc_parallax\" style=\"background-image: url('https:\/\/dutch-stables.com\/wp-content\/uploads\/2016\/08\/top-buitenstallen.jpg');\">[vc_column_text]<\/p>\n<h1 style=\"text-align: center;\"><span style=\"color: #ffffff;\">Dutch Stables &#8211; Menten-Hilkens<\/span><\/h1>\n<p>[\/vc_column_text][vc_empty_space height=&#8221;15px&#8221;]<a target=\"_self\" href=\"\/contact\/\" class=\"btn  btn-md style-1\" id=\"custom-id-1\" style=\"\">Kontakt<\/a><\/section>[\/vc_column][\/vc_row][vc_row full_width=&#8221;stretch_row&#8221; css=&#8221;.vc_custom_1474011248454{margin-top: -30px !important;padding-top: 30px !important;padding-bottom: 50px !important;background-color: #262626 !important;}&#8221; has_content=&#8221;inside&#8221;][vc_column el_class=&#8221;custom-cta-buttons&#8221;][vc_column_text][\/vc_column_text][vc_btn title=&#8221;Innenboxen&#8221; style=&#8221;classic&#8221; shape=&#8221;square&#8221; size=&#8221;lg&#8221; link=&#8221;url:http%3A%2F%2Fdutch-stables.com%2Fbinnenstallen%2F||&#8221; css=&#8221;.vc_custom_1474363362008{background-image: url(https:\/\/menten-hilkens.nl\/wp-content\/uploads\/2014\/11\/block3.jpg?id=1035) !important;background-position: center !important;background-repeat: no-repeat !important;background-size: cover !important;}&#8221;][vc_btn title=&#8221;FENSTER UND T\u00dcREN&#8221; style=&#8221;classic&#8221; shape=&#8221;square&#8221; size=&#8221;lg&#8221; link=&#8221;url:http%3A%2F%2Fdutch-stables.com%2Framen%2F||&#8221; css=&#8221;.vc_custom_1474363413448{background-image: url(https:\/\/dutch-stables.com\/wp-content\/uploads\/2015\/09\/Ramen003.jpg?id=1131) !important;background-position: center !important;background-repeat: no-repeat !important;background-size: cover !important;}&#8221;][vc_btn title=&#8221;Aussenboxen&#8221; style=&#8221;classic&#8221; shape=&#8221;square&#8221; size=&#8221;lg&#8221; link=&#8221;url:http%3A%2F%2Fdutch-stables.com%2Fbuitenstallen%2F||&#8221; css=&#8221;.vc_custom_1474363379775{background-image: url(https:\/\/dutch-stables.com\/wp-content\/uploads\/2014\/11\/eigen-import.jpg?id=1123) !important;background-position: center !important;background-repeat: no-repeat !important;background-size: cover !important;}&#8221;][\/vc_column][\/vc_row][vc_row full_width=&#8221;stretch_row&#8221; css=&#8221;.vc_custom_1474015712556{margin-top: -30px !important;margin-bottom: 5px !important;padding-bottom: 50px !important;background-color: #eab602 !important;background-position: center !important;background-repeat: no-repeat !important;background-size: cover !important;}&#8221;][vc_column][vc_column_text]<\/p>\n<h1>Ausstellungsfl\u00e4che<\/h1>\n<h3 style=\"text-align: left;\"><span style=\"color: #ffffff;\"><br \/>\nSie haben noch keine genaue Vorstellung von Ihrem Wunschstall? Dann schauen Sie sich doch einfach auf unserer 800 Quadratmeter gro\u00dfen Ausstellungsfl\u00e4che um. Die zahlreichen, vollst\u00e4ndig aufgebauten Modelle werden Sie sicher inspirieren und Ihre Pl\u00e4ne Form annehmen lassen. Wenn Sie alles in Ruhe angesehen haben, k\u00f6nnen Sie bei einer sch\u00f6nen Tasse Kaffee mit unseren Beratern sprechen: Wir denken gerne f\u00fcr Sie mit! <\/span><\/h3>\n<p>[\/vc_column_text][\/vc_column][\/vc_row]<\/p>\n<\/div>","protected":false},"excerpt":{"rendered":"<p>[vc_row has_content=&#8221;true&#8221;][vc_column][rev_slider_vc alias=&#8221;main-slider-2&#8243;][\/vc_column][\/vc_row][vc_row full_width=&#8221;stretch_row&#8221; css=&#8221;.vc_custom_1473925563868{margin-top: -35px !important;margin-bottom: 50px !important;padding-top: 35px !important;padding-bottom: 140px !important;background-color: #eab602 !important;background-position: center !important;background-repeat: no-repeat !important;background-size: cover !important;}&#8221; has_content=&#8221;inside&#8221;][vc_column width=&#8221;5\/6&#8243;][vc_column_text css=&#8221;.vc_custom_1474357459268{margin-top: -10px !important;}&#8221;] Sie m\u00f6chten Ihr Pferd oder Pony in einem sicheren, stabilen Stall von ausgezeichneter Qualit\u00e4t&#8230;<\/p>\n","protected":false},"author":2,"featured_media":0,"parent":0,"menu_order":0,"comment_status":"open","ping_status":"open","template":"","meta":{"footnotes":""},"class_list":["post-597","page","type-page","status-publish","hentry"],"translation":{"provider":"WPGlobus","version":"3.0.0","language":"de","enabled_languages":["nl","en","de"],"languages":{"nl":{"title":true,"content":true,"excerpt":false},"en":{"title":true,"content":true,"excerpt":false},"de":{"title":false,"content":true,"excerpt":false}}},"yoast_head":"<!-- This site is optimized with the Yoast SEO plugin v25.1 - https:\/\/yoast.com\/wordpress\/plugins\/seo\/ -->\n<title>Dutch Stables - Stallenbouw voor buiten en binnen<\/title>\n<meta name=\"robots\" content=\"index, follow, max-snippet:-1, max-image-preview:large, max-video-preview:-1\" \/>\n<link rel=\"canonical\" href=\"https:\/\/dutch-stables.com\/\" \/>\n<meta property=\"og:locale\" content=\"de_DE\" \/>\n<meta property=\"og:type\" content=\"article\" \/>\n<meta property=\"og:title\" content=\"- Dutch Stables - Stallenbouw\" \/>\n<meta property=\"og:url\" content=\"https:\/\/dutch-stables.com\/\" \/>\n<meta property=\"og:site_name\" content=\"Dutch Stables\" \/>\n<meta property=\"article:modified_time\" content=\"2023-03-03T14:01:56+00:00\" \/>\n<meta name=\"twitter:card\" content=\"summary_large_image\" \/>\n<meta name=\"twitter:label1\" content=\"Est. reading time\" \/>\n\t<meta name=\"twitter:data1\" content=\"7 minutes\" \/>\n<script type=\"application\/ld+json\" class=\"yoast-schema-graph\">{\"@context\":\"https:\/\/schema.org\",\"@graph\":[{\"@type\":\"WebPage\",\"@id\":\"https:\/\/dutch-stables.com\/\",\"url\":\"https:\/\/dutch-stables.com\/\",\"name\":\"Dutch Stables - Stallenbouw voor buiten en binnen\",\"isPartOf\":{\"@id\":\"https:\/\/dutch-stables.com\/#website\"},\"datePublished\":\"2014-11-11T11:09:47+00:00\",\"dateModified\":\"2023-03-03T14:01:56+00:00\",\"description\":\"Voor uw paard of pony bent u op zoek naar een veilige, solide stalinrichting van uitstekende kwaliteit. Dan bent u bij Dutch Stables op het juiste adres.\",\"breadcrumb\":{\"@id\":\"https:\/\/dutch-stables.com\/#breadcrumb\"},\"inLanguage\":\"de-DE\",\"potentialAction\":[{\"@type\":\"ReadAction\",\"target\":[\"https:\/\/dutch-stables.com\/\"]}]},{\"@type\":\"BreadcrumbList\",\"@id\":\"https:\/\/dutch-stables.com\/#breadcrumb\",\"itemListElement\":[{\"@type\":\"ListItem\",\"position\":1,\"name\":\"Home\",\"item\":\"https:\/\/dutch-stables.com\/\"},{\"@type\":\"ListItem\",\"position\":2,\"name\":\"Home\"}]},{\"@type\":\"WebSite\",\"@id\":\"https:\/\/dutch-stables.com\/#website\",\"url\":\"https:\/\/dutch-stables.com\/\",\"name\":\"Dutch Stables\",\"description\":\"Menten Hilkens\",\"potentialAction\":[{\"@type\":\"SearchAction\",\"target\":{\"@type\":\"EntryPoint\",\"urlTemplate\":\"https:\/\/dutch-stables.com\/?s={search_term_string}\"},\"query-input\":{\"@type\":\"PropertyValueSpecification\",\"valueRequired\":true,\"valueName\":\"search_term_string\"}}],\"inLanguage\":\"de-DE\"}]}<\/script>\n<!-- \/ Yoast SEO plugin. -->","yoast_head_json":{"title":"Dutch Stables - Stallenbouw voor buiten en binnen","robots":{"index":"index","follow":"follow","max-snippet":"max-snippet:-1","max-image-preview":"max-image-preview:large","max-video-preview":"max-video-preview:-1"},"canonical":"https:\/\/dutch-stables.com\/","og_locale":"de_DE","og_type":"article","og_title":"- Dutch Stables - Stallenbouw","og_url":"https:\/\/dutch-stables.com\/","og_site_name":"Dutch Stables","article_modified_time":"2023-03-03T14:01:56+00:00","twitter_card":"summary_large_image","twitter_misc":{"Est. reading time":"7 minutes"},"schema":{"@context":"https:\/\/schema.org","@graph":[{"@type":"WebPage","@id":"https:\/\/dutch-stables.com\/","url":"https:\/\/dutch-stables.com\/","name":"Dutch Stables - Stallenbouw voor buiten en binnen","isPartOf":{"@id":"https:\/\/dutch-stables.com\/#website"},"datePublished":"2014-11-11T11:09:47+00:00","dateModified":"2023-03-03T14:01:56+00:00","description":"Voor uw paard of pony bent u op zoek naar een veilige, solide stalinrichting van uitstekende kwaliteit. Dan bent u bij Dutch Stables op het juiste adres.","breadcrumb":{"@id":"https:\/\/dutch-stables.com\/#breadcrumb"},"inLanguage":"de-DE","potentialAction":[{"@type":"ReadAction","target":["https:\/\/dutch-stables.com\/"]}]},{"@type":"BreadcrumbList","@id":"https:\/\/dutch-stables.com\/#breadcrumb","itemListElement":[{"@type":"ListItem","position":1,"name":"Home","item":"https:\/\/dutch-stables.com\/"},{"@type":"ListItem","position":2,"name":"Home"}]},{"@type":"WebSite","@id":"https:\/\/dutch-stables.com\/#website","url":"https:\/\/dutch-stables.com\/","name":"Dutch Stables","description":"Menten Hilkens","potentialAction":[{"@type":"SearchAction","target":{"@type":"EntryPoint","urlTemplate":"https:\/\/dutch-stables.com\/?s={search_term_string}"},"query-input":{"@type":"PropertyValueSpecification","valueRequired":true,"valueName":"search_term_string"}}],"inLanguage":"de-DE"}]}},"_links":{"self":[{"href":"https:\/\/dutch-stables.com\/de\/wp-json\/wp\/v2\/pages\/597","targetHints":{"allow":["GET"]}}],"collection":[{"href":"https:\/\/dutch-stables.com\/de\/wp-json\/wp\/v2\/pages"}],"about":[{"href":"https:\/\/dutch-stables.com\/de\/wp-json\/wp\/v2\/types\/page"}],"author":[{"embeddable":true,"href":"https:\/\/dutch-stables.com\/de\/wp-json\/wp\/v2\/users\/2"}],"replies":[{"embeddable":true,"href":"https:\/\/dutch-stables.com\/de\/wp-json\/wp\/v2\/comments?post=597"}],"version-history":[{"count":172,"href":"https:\/\/dutch-stables.com\/de\/wp-json\/wp\/v2\/pages\/597\/revisions"}],"predecessor-version":[{"id":1823,"href":"https:\/\/dutch-stables.com\/de\/wp-json\/wp\/v2\/pages\/597\/revisions\/1823"}],"wp:attachment":[{"href":"https:\/\/dutch-stables.com\/de\/wp-json\/wp\/v2\/media?parent=597"}],"curies":[{"name":"wp","href":"https:\/\/api.w.org\/{rel}","templated":true}]}}