{"id":858,"date":"2015-09-26T20:08:46","date_gmt":"2015-09-26T19:08:46","guid":{"rendered":"http:\/\/menten-hilkens.nl\/?page_id=858"},"modified":"2018-08-29T14:40:41","modified_gmt":"2018-08-29T13:40:41","slug":"binnenstallen","status":"publish","type":"page","link":"https:\/\/dutch-stables.com\/de\/binnenstallen\/","title":{"rendered":"Innenboxen"},"content":{"rendered":"<div class=\"wpb-content-wrapper\"><p>[vc_row full_width=&#8221;stretch_row&#8221; css=&#8221;.vc_custom_1471948652877{margin-top: -35px !important;margin-bottom: 50px !important;padding-top: 35px !important;padding-bottom: 140px !important;background-color: #eab602 !important;background-position: center !important;background-repeat: no-repeat !important;background-size: cover !important;}&#8221; has_content=&#8221;inside&#8221;][vc_column width=&#8221;5\/6&#8243;][vc_column_text css=&#8221;.vc_custom_1474358275956{margin-top: -10px !important;}&#8221;]<\/p>\n<h3 style=\"text-align: left;\"><span style=\"color: #ffffff;\">Es gibt viele verschiedene Pferde- und Ponyarten und -gr\u00f6\u00dfen, und jedes Tier hat seinen eigenen Charakter und Besonderheiten, die es auszeichnen. Haben Sie einen bockigen, starken Hengst? Einen ruhigen, folgsamen Wallach? Oder doch eine liebe, aber eigenwillige Stute? Zu jedem Tier geh\u00f6rt die richtige Stallung: \u201eStandard\u201c ist hier meistens n\u00e4mlich gar nichts. Darum fertigt Dutch Stables \u201eStandard\u201c pr\u00e4zise nach Ihren W\u00fcnschen. <\/span><\/h3>\n<p>[\/vc_column_text][\/vc_column][vc_column width=&#8221;1\/6&#8243;]<a target=\"_self\" href=\"\/contact\/\" class=\"btn  btn-md style-1\" id=\"custom-id-0\" style=\"\">Kontakt<\/a>[\/vc_column][\/vc_row][vc_row css=&#8221;.vc_custom_1473940263789{margin-top: -160px !important;}&#8221; has_content=&#8221;true&#8221; el_class=&#8221;on-top&#8221;][vc_column width=&#8221;1\/3&#8243;][vc_single_image image=&#8221;1081&#8243; img_size=&#8221;full&#8221;][vc_column_text][\/vc_column_text][vc_empty_space height=&#8221;20px&#8221;][\/vc_column][vc_column width=&#8221;1\/3&#8243;][vc_single_image image=&#8221;1080&#8243; img_size=&#8221;full&#8221;][vc_column_text][\/vc_column_text][vc_empty_space height=&#8221;20px&#8221;][\/vc_column][vc_column width=&#8221;1\/3&#8243;][vc_single_image image=&#8221;1079&#8243; img_size=&#8221;full&#8221;][vc_column_text][\/vc_column_text][vc_empty_space height=&#8221;20px&#8221;][\/vc_column][\/vc_row][vc_row full_width=&#8221;stretch_row_content_no_spaces&#8221; has_content=&#8221;false&#8221; el_class=&#8221;text-center&#8221;][vc_column]<section  data-vc-parallax=\"1.5\" class=\"statement vc_parallax\" style=\"background-image: url('https:\/\/dutch-stables.com\/wp-content\/uploads\/2016\/08\/top-buitenstallen.jpg');\">[vc_column_text]<\/p>\n<h1 style=\"text-align: center;\"><span style=\"color: #ffffff;\">Dutch Stables &#8211; Menten-Hilkens<\/span><\/h1>\n<p>[\/vc_column_text][vc_empty_space height=&#8221;15px&#8221;]<a target=\"_self\" href=\"\/contact\/\" class=\"btn  btn-md style-1\" id=\"custom-id-1\" style=\"\">Kontakt<\/a><\/section>[\/vc_column][\/vc_row][vc_row full_width=&#8221;stretch_row&#8221; css=&#8221;.vc_custom_1474013277457{margin-top: -31px !important;padding-top: 20px !important;padding-bottom: 40px !important;background-color: #262626 !important;}&#8221;][vc_column][vc_column_text]<\/p>\n<h3 style=\"text-align: left;\"><span style=\"color: #ffffff;\"><strong>Hier eine \u00dcbersicht der Standardoptionen, von denen wir in Absprache mit Ihnen gerne abweichen:<\/strong><\/span><\/h3>\n<p>\u2022 Box mit schwerer Ausf\u00fchrung, die sogenannte Hengstbox: standardm\u00e4\u00dfig ausgef\u00fchrt mit Vierkantrohren von 50x50x2 mm, U-Profilen von 40x50x40x3 mm und Sprossen von 22&#215;1,5 oder 25&#215;2 mm<br \/>\n\u2022 Box mit leichter Ausf\u00fchrung, die sogenannte Stutenbox: standardm\u00e4\u00dfig ausgef\u00fchrt mit Vierkantrohren von 40x40x2 mm, U-Profilen von 40x40x40x3 mm und Sprossen von 22&#215;1,5 mm<br \/>\n\u2022 Paneele in diversen Ausf\u00fchrungen, von leicht bis schwer und von Standard bis exklusiv<br \/>\n\u2022 Dutch Stables ist wie Sie vorbereitet auf das, was kommt: Alle Boxen k\u00f6nnen demontiert und einfach an neue Bedingungen angepasst werden.<\/p>\n<h3 style=\"text-align: left;\"><span style=\"color: #ffffff;\"><strong>3D-Darstellung<\/strong><\/span><\/h3>\n<p>Sie m\u00f6chten sehen, wie Ihr Stall schon bald aussieht? Wir fertigen Ihnen gerne eine 3D-Darstellung an, auf der Sie dies sehen k\u00f6nnen.[\/vc_column_text][\/vc_column][\/vc_row][vc_row][vc_column][vc_gallery interval=&#8221;5&#8243; images=&#8221;1136,1137,1138,1047,1046,997,999&#8243; img_size=&#8221;full&#8221;][\/vc_column][\/vc_row]<\/p>\n<\/div>","protected":false},"excerpt":{"rendered":"<p>[vc_row full_width=&#8221;stretch_row&#8221; css=&#8221;.vc_custom_1471948652877{margin-top: -35px !important;margin-bottom: 50px !important;padding-top: 35px !important;padding-bottom: 140px !important;background-color: #eab602 !important;background-position: center !important;background-repeat: no-repeat !important;background-size: cover !important;}&#8221; has_content=&#8221;inside&#8221;][vc_column width=&#8221;5\/6&#8243;][vc_column_text css=&#8221;.vc_custom_1474358275956{margin-top: -10px !important;}&#8221;] Es gibt viele verschiedene Pferde- und Ponyarten und -gr\u00f6\u00dfen, und jedes Tier hat seinen eigenen Charakter&#8230;<\/p>\n","protected":false},"author":1,"featured_media":0,"parent":0,"menu_order":0,"comment_status":"closed","ping_status":"closed","template":"","meta":{"footnotes":""},"class_list":["post-858","page","type-page","status-publish","hentry"],"translation":{"provider":"WPGlobus","version":"3.0.0","language":"de","enabled_languages":["nl","en","de"],"languages":{"nl":{"title":true,"content":true,"excerpt":false},"en":{"title":true,"content":true,"excerpt":false},"de":{"title":true,"content":true,"excerpt":false}}},"yoast_head":"<!-- This site is optimized with the Yoast SEO plugin v25.1 - https:\/\/yoast.com\/wordpress\/plugins\/seo\/ -->\n<title>Binnenstallen - Dutch-Stables - Stallenbouw<\/title>\n<meta name=\"robots\" content=\"index, follow, max-snippet:-1, max-image-preview:large, max-video-preview:-1\" \/>\n<link rel=\"canonical\" href=\"https:\/\/dutch-stables.com\/en\/binnenstallen\/\" \/>\n<meta property=\"og:locale\" content=\"de_DE\" \/>\n<meta property=\"og:type\" content=\"article\" \/>\n<meta property=\"og:title\" content=\"Innenboxen - Dutch Stables - Stallenbouw\" \/>\n<meta property=\"og:url\" content=\"https:\/\/dutch-stables.com\/en\/binnenstallen\/\" \/>\n<meta property=\"og:site_name\" content=\"Dutch Stables\" \/>\n<meta property=\"article:modified_time\" content=\"2018-08-29T13:40:41+00:00\" \/>\n<meta name=\"twitter:card\" content=\"summary_large_image\" \/>\n<meta name=\"twitter:label1\" content=\"Est. reading time\" \/>\n\t<meta name=\"twitter:data1\" content=\"7 minutes\" \/>\n<script type=\"application\/ld+json\" class=\"yoast-schema-graph\">{\"@context\":\"https:\/\/schema.org\",\"@graph\":[{\"@type\":\"WebPage\",\"@id\":\"https:\/\/dutch-stables.com\/en\/binnenstallen\/\",\"url\":\"https:\/\/dutch-stables.com\/en\/binnenstallen\/\",\"name\":\"Binnenstallen - Dutch-Stables - Stallenbouw\",\"isPartOf\":{\"@id\":\"https:\/\/dutch-stables.com\/#website\"},\"datePublished\":\"2015-09-26T19:08:46+00:00\",\"dateModified\":\"2018-08-29T13:40:41+00:00\",\"description\":\"Voor uw paard of pony bent u op zoek naar een veilige, solide stalinrichting van uitstekende kwaliteit. Dan bent u bij Dutch Stables op het juiste adres.\",\"breadcrumb\":{\"@id\":\"https:\/\/dutch-stables.com\/en\/binnenstallen\/#breadcrumb\"},\"inLanguage\":\"de-DE\",\"potentialAction\":[{\"@type\":\"ReadAction\",\"target\":[\"https:\/\/dutch-stables.com\/en\/binnenstallen\/\"]}]},{\"@type\":\"BreadcrumbList\",\"@id\":\"https:\/\/dutch-stables.com\/en\/binnenstallen\/#breadcrumb\",\"itemListElement\":[{\"@type\":\"ListItem\",\"position\":1,\"name\":\"Home\",\"item\":\"https:\/\/dutch-stables.com\/\"},{\"@type\":\"ListItem\",\"position\":2,\"name\":\"Indoor stables\"}]},{\"@type\":\"WebSite\",\"@id\":\"https:\/\/dutch-stables.com\/#website\",\"url\":\"https:\/\/dutch-stables.com\/\",\"name\":\"Dutch Stables\",\"description\":\"Menten Hilkens\",\"potentialAction\":[{\"@type\":\"SearchAction\",\"target\":{\"@type\":\"EntryPoint\",\"urlTemplate\":\"https:\/\/dutch-stables.com\/?s={search_term_string}\"},\"query-input\":{\"@type\":\"PropertyValueSpecification\",\"valueRequired\":true,\"valueName\":\"search_term_string\"}}],\"inLanguage\":\"de-DE\"}]}<\/script>\n<!-- \/ Yoast SEO plugin. -->","yoast_head_json":{"title":"Binnenstallen - Dutch-Stables - Stallenbouw","robots":{"index":"index","follow":"follow","max-snippet":"max-snippet:-1","max-image-preview":"max-image-preview:large","max-video-preview":"max-video-preview:-1"},"canonical":"https:\/\/dutch-stables.com\/en\/binnenstallen\/","og_locale":"de_DE","og_type":"article","og_title":"Innenboxen - Dutch Stables - Stallenbouw","og_url":"https:\/\/dutch-stables.com\/en\/binnenstallen\/","og_site_name":"Dutch Stables","article_modified_time":"2018-08-29T13:40:41+00:00","twitter_card":"summary_large_image","twitter_misc":{"Est. reading time":"7 minutes"},"schema":{"@context":"https:\/\/schema.org","@graph":[{"@type":"WebPage","@id":"https:\/\/dutch-stables.com\/en\/binnenstallen\/","url":"https:\/\/dutch-stables.com\/en\/binnenstallen\/","name":"Binnenstallen - Dutch-Stables - Stallenbouw","isPartOf":{"@id":"https:\/\/dutch-stables.com\/#website"},"datePublished":"2015-09-26T19:08:46+00:00","dateModified":"2018-08-29T13:40:41+00:00","description":"Voor uw paard of pony bent u op zoek naar een veilige, solide stalinrichting van uitstekende kwaliteit. Dan bent u bij Dutch Stables op het juiste adres.","breadcrumb":{"@id":"https:\/\/dutch-stables.com\/en\/binnenstallen\/#breadcrumb"},"inLanguage":"de-DE","potentialAction":[{"@type":"ReadAction","target":["https:\/\/dutch-stables.com\/en\/binnenstallen\/"]}]},{"@type":"BreadcrumbList","@id":"https:\/\/dutch-stables.com\/en\/binnenstallen\/#breadcrumb","itemListElement":[{"@type":"ListItem","position":1,"name":"Home","item":"https:\/\/dutch-stables.com\/"},{"@type":"ListItem","position":2,"name":"Indoor stables"}]},{"@type":"WebSite","@id":"https:\/\/dutch-stables.com\/#website","url":"https:\/\/dutch-stables.com\/","name":"Dutch Stables","description":"Menten Hilkens","potentialAction":[{"@type":"SearchAction","target":{"@type":"EntryPoint","urlTemplate":"https:\/\/dutch-stables.com\/?s={search_term_string}"},"query-input":{"@type":"PropertyValueSpecification","valueRequired":true,"valueName":"search_term_string"}}],"inLanguage":"de-DE"}]}},"_links":{"self":[{"href":"https:\/\/dutch-stables.com\/de\/wp-json\/wp\/v2\/pages\/858","targetHints":{"allow":["GET"]}}],"collection":[{"href":"https:\/\/dutch-stables.com\/de\/wp-json\/wp\/v2\/pages"}],"about":[{"href":"https:\/\/dutch-stables.com\/de\/wp-json\/wp\/v2\/types\/page"}],"author":[{"embeddable":true,"href":"https:\/\/dutch-stables.com\/de\/wp-json\/wp\/v2\/users\/1"}],"replies":[{"embeddable":true,"href":"https:\/\/dutch-stables.com\/de\/wp-json\/wp\/v2\/comments?post=858"}],"version-history":[{"count":67,"href":"https:\/\/dutch-stables.com\/de\/wp-json\/wp\/v2\/pages\/858\/revisions"}],"predecessor-version":[{"id":1669,"href":"https:\/\/dutch-stables.com\/de\/wp-json\/wp\/v2\/pages\/858\/revisions\/1669"}],"wp:attachment":[{"href":"https:\/\/dutch-stables.com\/de\/wp-json\/wp\/v2\/media?parent=858"}],"curies":[{"name":"wp","href":"https:\/\/api.w.org\/{rel}","templated":true}]}}