{"id":860,"date":"2015-09-26T20:09:17","date_gmt":"2015-09-26T19:09:17","guid":{"rendered":"http:\/\/menten-hilkens.nl\/?page_id=860"},"modified":"2017-08-17T08:23:41","modified_gmt":"2017-08-17T07:23:41","slug":"kunstofplanken","status":"publish","type":"page","link":"https:\/\/dutch-stables.com\/de\/kunstofplanken\/","title":{"rendered":"Kunststoffbohlen"},"content":{"rendered":"<div class=\"wpb-content-wrapper\"><p>[vc_row full_width=&#8221;stretch_row&#8221; css=&#8221;.vc_custom_1443034090735{margin-top: -35px !important;margin-bottom: 50px !important;padding-top: 35px !important;padding-bottom: 140px !important;background-color: #eab602 !important;background-position: center !important;background-repeat: no-repeat !important;background-size: cover !important;}&#8221; has_content=&#8221;inside&#8221;][vc_column width=&#8221;5\/6&#8243;][vc_column_text css=&#8221;.vc_custom_1474527991971{margin-top: -10px !important;}&#8221;]<\/p>\n<h3 style=\"text-align: left;\"><span style=\"color: #ffffff;\">Die massiven Kunststoffbohlen von Dutch Stables werden aus hochwertigen Recyclingmaterialien hergestellt und verf\u00fcgen \u00fcber Nut und Feder, damit Sie schnell und einfach W\u00e4nde verkleiden und Fu\u00dfb\u00f6den verlegen k\u00f6nnen. Sie brauchen nicht weiter nach Alternativen zu suchen, denn an diesem einzigartigen Produkt werden Sie ein Leben lang Freude haben. <\/span><\/h3>\n<p>[\/vc_column_text][\/vc_column][vc_column width=&#8221;1\/6&#8243;]<a target=\"_self\" href=\"\/contact\/\" class=\"btn  btn-md style-1\" id=\"custom-id-0\" style=\"\">kontakt<\/a>[\/vc_column][\/vc_row][vc_row css=&#8221;.vc_custom_1436375105004{margin-top: -160px !important;margin-bottom: 80px !important;}&#8221; has_content=&#8221;true&#8221; el_class=&#8221;on-top&#8221;][vc_column width=&#8221;1\/3&#8243;][vc_single_image image=&#8221;926&#8243; img_size=&#8221;full&#8221;][vc_column_text][\/vc_column_text][vc_empty_space height=&#8221;20px&#8221;][\/vc_column][vc_column width=&#8221;1\/3&#8243;][vc_single_image image=&#8221;1101&#8243; img_size=&#8221;full&#8221;][vc_column_text][\/vc_column_text][vc_empty_space height=&#8221;20px&#8221;][\/vc_column][vc_column width=&#8221;1\/3&#8243;][vc_single_image image=&#8221;1100&#8243; img_size=&#8221;full&#8221;][vc_column_text][\/vc_column_text][vc_empty_space height=&#8221;20px&#8221;][\/vc_column][\/vc_row][vc_row full_width=&#8221;stretch_row&#8221; css=&#8221;.vc_custom_1474442663521{margin-bottom: -55px !important;padding-top: 20px !important;padding-bottom: 40px !important;background-color: #262626 !important;}&#8221;][vc_column][vc_column_text]<\/p>\n<h3 style=\"text-align: left;\"><span style=\"color: #ffffff;\"><strong>Die Vorteile von Kunststoffbohlen: <\/strong><\/span><\/h3>\n<ul>\n<li>Keine Feuchtigkeitsaufnahme<\/li>\n<li>Hygienisch<\/li>\n<li>Form- und bei\u00dffest<\/li>\n<li>Splittert nicht<\/li>\n<li>100 % f\u00e4ule- und schimmelfrei<\/li>\n<li>Salz- und s\u00e4urebest\u00e4ndig<\/li>\n<li>Pflegeleicht<\/li>\n<\/ul>\n<p>[\/vc_column_text][\/vc_column][\/vc_row][vc_row full_width=&#8221;stretch_row_content_no_spaces&#8221; has_content=&#8221;false&#8221; el_class=&#8221;text-center&#8221; css=&#8221;.vc_custom_1436376778355{margin-top: 60px !important;}&#8221;][vc_column]<section  data-vc-parallax=\"1.5\" class=\"statement vc_parallax\" style=\"background-image: url('https:\/\/dutch-stables.com\/wp-content\/uploads\/2015\/09\/2015_09_MentenHilkens_HetKleef-0011.jpg');\">[vc_column_text]<\/p>\n<h1 style=\"text-align: center;\"><span style=\"color: #ffffff;\">Dutch Stables &#8211; Menten-Hilkens<\/span><\/h1>\n<p>[\/vc_column_text][vc_empty_space height=&#8221;15px&#8221;]<a target=\"_self\" href=\"\/contact\/\" class=\"btn  btn-md style-1\" id=\"custom-id-1\" style=\"\">kontakt<\/a><\/section>[\/vc_column][\/vc_row][vc_row full_width=&#8221;stretch_row&#8221; css=&#8221;.vc_custom_1474443518033{margin-top: -30px !important;padding-top: 20px !important;padding-bottom: 40px !important;background-color: #262626 !important;}&#8221;][vc_column][vc_column_text]<\/p>\n<h3 style=\"text-align: left;\"><span style=\"color: #ffffff;\"><strong>Weitere Pluspunkte:<\/strong><\/span><\/h3>\n<p>\u2022 In verschiedenen Farben lieferbar: Schwarz, Braun, Ziegelrot, Gr\u00fcn und Grau<br \/>\n\u2022 In verschiedenen L\u00e4ngen lieferbar<br \/>\n\u2022 Und immer auf Lager<br \/>\n[\/vc_column_text][\/vc_column][\/vc_row][vc_row][vc_column][vc_gallery interval=&#8221;5&#8243; images=&#8221;1149,1150&#8243; img_size=&#8221;full&#8221;][\/vc_column][\/vc_row]<\/p>\n<\/div>","protected":false},"excerpt":{"rendered":"<p>[vc_row full_width=&#8221;stretch_row&#8221; css=&#8221;.vc_custom_1443034090735{margin-top: -35px !important;margin-bottom: 50px !important;padding-top: 35px !important;padding-bottom: 140px !important;background-color: #eab602 !important;background-position: center !important;background-repeat: no-repeat !important;background-size: cover !important;}&#8221; has_content=&#8221;inside&#8221;][vc_column width=&#8221;5\/6&#8243;][vc_column_text css=&#8221;.vc_custom_1474527991971{margin-top: -10px !important;}&#8221;] Die massiven Kunststoffbohlen von Dutch Stables werden aus hochwertigen Recyclingmaterialien hergestellt und verf\u00fcgen \u00fcber Nut und&#8230;<\/p>\n","protected":false},"author":1,"featured_media":0,"parent":0,"menu_order":0,"comment_status":"closed","ping_status":"closed","template":"","meta":{"footnotes":""},"class_list":["post-860","page","type-page","status-publish","hentry"],"translation":{"provider":"WPGlobus","version":"3.0.0","language":"de","enabled_languages":["nl","en","de"],"languages":{"nl":{"title":true,"content":true,"excerpt":false},"en":{"title":true,"content":true,"excerpt":false},"de":{"title":true,"content":true,"excerpt":false}}},"yoast_head":"<!-- This site is optimized with the Yoast SEO plugin v25.1 - https:\/\/yoast.com\/wordpress\/plugins\/seo\/ -->\n<title>Kunstof planken - Dutch Stables - Verkrijgbaar in veel kleuren<\/title>\n<meta name=\"robots\" content=\"index, follow, max-snippet:-1, max-image-preview:large, max-video-preview:-1\" \/>\n<link rel=\"canonical\" href=\"https:\/\/dutch-stables.com\/de\/kunstofplanken\/\" \/>\n<meta property=\"og:locale\" content=\"de_DE\" \/>\n<meta property=\"og:type\" content=\"article\" \/>\n<meta property=\"og:title\" content=\"Kunststoffbohlen - Dutch Stables - Stallenbouw\" \/>\n<meta property=\"og:url\" content=\"https:\/\/dutch-stables.com\/de\/kunstofplanken\/\" \/>\n<meta property=\"og:site_name\" content=\"Dutch Stables\" \/>\n<meta property=\"article:modified_time\" content=\"2017-08-17T07:23:41+00:00\" \/>\n<meta name=\"twitter:card\" content=\"summary_large_image\" \/>\n<meta name=\"twitter:label1\" content=\"Est. reading time\" \/>\n\t<meta name=\"twitter:data1\" content=\"6 minutes\" \/>\n<script type=\"application\/ld+json\" class=\"yoast-schema-graph\">{\"@context\":\"https:\/\/schema.org\",\"@graph\":[{\"@type\":\"WebPage\",\"@id\":\"https:\/\/dutch-stables.com\/de\/kunstofplanken\/\",\"url\":\"https:\/\/dutch-stables.com\/de\/kunstofplanken\/\",\"name\":\"Kunstof planken - Dutch Stables - Verkrijgbaar in veel kleuren\",\"isPartOf\":{\"@id\":\"https:\/\/dutch-stables.com\/#website\"},\"datePublished\":\"2015-09-26T19:09:17+00:00\",\"dateModified\":\"2017-08-17T07:23:41+00:00\",\"description\":\"Voor uw paard of pony bent u op zoek naar een veilige, solide stalinrichting van uitstekende kwaliteit. Dan bent u bij Dutch Stables op het juiste adres.\",\"breadcrumb\":{\"@id\":\"https:\/\/dutch-stables.com\/de\/kunstofplanken\/#breadcrumb\"},\"inLanguage\":\"de-DE\",\"potentialAction\":[{\"@type\":\"ReadAction\",\"target\":[\"https:\/\/dutch-stables.com\/de\/kunstofplanken\/\"]}]},{\"@type\":\"BreadcrumbList\",\"@id\":\"https:\/\/dutch-stables.com\/de\/kunstofplanken\/#breadcrumb\",\"itemListElement\":[{\"@type\":\"ListItem\",\"position\":1,\"name\":\"Home\",\"item\":\"https:\/\/dutch-stables.com\/\"},{\"@type\":\"ListItem\",\"position\":2,\"name\":\"Kunststoffbohlen\"}]},{\"@type\":\"WebSite\",\"@id\":\"https:\/\/dutch-stables.com\/#website\",\"url\":\"https:\/\/dutch-stables.com\/\",\"name\":\"Dutch Stables\",\"description\":\"Menten Hilkens\",\"potentialAction\":[{\"@type\":\"SearchAction\",\"target\":{\"@type\":\"EntryPoint\",\"urlTemplate\":\"https:\/\/dutch-stables.com\/?s={search_term_string}\"},\"query-input\":{\"@type\":\"PropertyValueSpecification\",\"valueRequired\":true,\"valueName\":\"search_term_string\"}}],\"inLanguage\":\"de-DE\"}]}<\/script>\n<!-- \/ Yoast SEO plugin. -->","yoast_head_json":{"title":"Kunstof planken - Dutch Stables - Verkrijgbaar in veel kleuren","robots":{"index":"index","follow":"follow","max-snippet":"max-snippet:-1","max-image-preview":"max-image-preview:large","max-video-preview":"max-video-preview:-1"},"canonical":"https:\/\/dutch-stables.com\/de\/kunstofplanken\/","og_locale":"de_DE","og_type":"article","og_title":"Kunststoffbohlen - Dutch Stables - Stallenbouw","og_url":"https:\/\/dutch-stables.com\/de\/kunstofplanken\/","og_site_name":"Dutch Stables","article_modified_time":"2017-08-17T07:23:41+00:00","twitter_card":"summary_large_image","twitter_misc":{"Est. reading time":"6 minutes"},"schema":{"@context":"https:\/\/schema.org","@graph":[{"@type":"WebPage","@id":"https:\/\/dutch-stables.com\/de\/kunstofplanken\/","url":"https:\/\/dutch-stables.com\/de\/kunstofplanken\/","name":"Kunstof planken - Dutch Stables - Verkrijgbaar in veel kleuren","isPartOf":{"@id":"https:\/\/dutch-stables.com\/#website"},"datePublished":"2015-09-26T19:09:17+00:00","dateModified":"2017-08-17T07:23:41+00:00","description":"Voor uw paard of pony bent u op zoek naar een veilige, solide stalinrichting van uitstekende kwaliteit. Dan bent u bij Dutch Stables op het juiste adres.","breadcrumb":{"@id":"https:\/\/dutch-stables.com\/de\/kunstofplanken\/#breadcrumb"},"inLanguage":"de-DE","potentialAction":[{"@type":"ReadAction","target":["https:\/\/dutch-stables.com\/de\/kunstofplanken\/"]}]},{"@type":"BreadcrumbList","@id":"https:\/\/dutch-stables.com\/de\/kunstofplanken\/#breadcrumb","itemListElement":[{"@type":"ListItem","position":1,"name":"Home","item":"https:\/\/dutch-stables.com\/"},{"@type":"ListItem","position":2,"name":"Kunststoffbohlen"}]},{"@type":"WebSite","@id":"https:\/\/dutch-stables.com\/#website","url":"https:\/\/dutch-stables.com\/","name":"Dutch Stables","description":"Menten Hilkens","potentialAction":[{"@type":"SearchAction","target":{"@type":"EntryPoint","urlTemplate":"https:\/\/dutch-stables.com\/?s={search_term_string}"},"query-input":{"@type":"PropertyValueSpecification","valueRequired":true,"valueName":"search_term_string"}}],"inLanguage":"de-DE"}]}},"_links":{"self":[{"href":"https:\/\/dutch-stables.com\/de\/wp-json\/wp\/v2\/pages\/860","targetHints":{"allow":["GET"]}}],"collection":[{"href":"https:\/\/dutch-stables.com\/de\/wp-json\/wp\/v2\/pages"}],"about":[{"href":"https:\/\/dutch-stables.com\/de\/wp-json\/wp\/v2\/types\/page"}],"author":[{"embeddable":true,"href":"https:\/\/dutch-stables.com\/de\/wp-json\/wp\/v2\/users\/1"}],"replies":[{"embeddable":true,"href":"https:\/\/dutch-stables.com\/de\/wp-json\/wp\/v2\/comments?post=860"}],"version-history":[{"count":39,"href":"https:\/\/dutch-stables.com\/de\/wp-json\/wp\/v2\/pages\/860\/revisions"}],"predecessor-version":[{"id":1625,"href":"https:\/\/dutch-stables.com\/de\/wp-json\/wp\/v2\/pages\/860\/revisions\/1625"}],"wp:attachment":[{"href":"https:\/\/dutch-stables.com\/de\/wp-json\/wp\/v2\/media?parent=860"}],"curies":[{"name":"wp","href":"https:\/\/api.w.org\/{rel}","templated":true}]}}